{"id":12513,"date":"2019-09-05T19:45:18","date_gmt":"2019-09-05T19:45:18","guid":{"rendered":"https:\/\/soviet-medals.com\/?product=soviet-order-of-suvorov-3rd-class-10489"},"modified":"2024-02-10T14:11:24","modified_gmt":"2024-02-10T14:11:24","slug":"soviet-order-of-suvorov-3rd-class-10489","status":"publish","type":"product","link":"https:\/\/soviet-medals.com\/?product=soviet-order-of-suvorov-3rd-class-10489","title":{"rendered":"Soviet Order of Suvorov 3rd Class #10489"},"content":{"rendered":"<p>&nbsp;<\/p>\n<p>&nbsp;<\/p>\n<p>&nbsp;<\/p>\n<h5 style=\"text-align: center;\"><span style=\"color: #ff0000;\"><b>Researched Soviet Order of Suvorov 3rd class #10489<\/b><\/span><\/h5>\n<p>&nbsp;<\/p>\n<p><a href=\"https:\/\/sovietorders.com\/wp-content\/uploads\/2019\/09\/00000484_photo.jpg\" target=\"_blank\" rel=\"noopener noreferrer\"><img loading=\"lazy\" decoding=\"async\" class=\"aligncenter wp-image-19739 size-medium\" src=\"https:\/\/sovietorders.com\/wp-content\/uploads\/2019\/09\/00000484_photo-200x300.jpg\" alt=\"\u041b\u044e\u0441\u0438\u043d \u0410\u043b\u0435\u043a\u0441\u0435\u0439 \u0413\u0435\u043e\u0440\u0433\u0438\u0435\u0432\u0438\u0447\" width=\"200\" height=\"300\" \/><\/a><\/p>\n<p>&nbsp;<\/p>\n<p style=\"text-align: center;\"><span style=\"color: #ff0000;\"><strong>This order of Suvorov has been awarded to Guards Major Aleksei Georgiyevich Lyusin (\u0410\u043b\u0435\u043a\u0441\u0435\u0439 \u0413\u0435\u043e\u0440\u0433\u0438\u0435\u0432\u0438\u0447 \u041b\u044e\u0441\u0438\u043d)<\/strong><\/span><\/p>\n<p>&nbsp;<\/p>\n<p>&nbsp;<\/p>\n<p>&nbsp;<\/p>\n<p>Made of solid silver and enamels. Measures 50.28 mm in width and weighs 25.4 gram. The serial number and the mint mark <em>Monetni Dvor <\/em>are located on its reverse. The minimum known serial number for this variation is 2142 and the maximum is 12247.<\/p>\n<p>This original order of Suvorov is in excellent condition with flawless enamels. Most details are visible and the higher parts of the order show little wear. There have been no repairs and the screwpost has not been shortened. Both sides show few dings and scratches and the order comes with its time period silver screwplate.<\/p>\n<p>&nbsp;<\/p>\n<p>&nbsp;<\/p>\n<p><span style=\"color: #ff0000;\"><strong>An excellent and rare piece with interesting research!<\/strong><\/span><\/p>\n<p>&nbsp;<\/p>\n<p>&nbsp;<\/p>\n<h6><strong>Short<\/strong> <strong>Brief, concrete description of his feat of arms or achievements:<\/strong><\/h6>\n<p>&#8220;On January 14, 1945, during the preparatory period prior to the operation aimed at breaching the German defenses on the western bank of the Vistula River, all planning documents were promptly passed on to their executors, a task overseen by regimental chief of staff comrade Lyusin, in the sector of the 629th Rifle Regiment (91st Rifle Corps, 69th Army) near Piskor\u00f3w and Paj\u0105k\u00f3w. Under his supervision, execution of orders and instructions from parent staffs was verified, with all detected shortcomings being negated and rectified on the spot.<\/p>\n<p>During the operation to breach the German defenses on January 14, 1945, comrade Lyusin developed said breakthrough operation alongside the regimental commander, and along with an infantry commander he supervised the execution of the regiment\u2019s firing missions, thus ensuring a breakthrough in the sector of the 629th Rifle Regiment, which the mortar regiment supported, and enabling it to push forward.<\/p>\n<p>During the pursuit of the retreating enemy troops, comrade Lyusin and the regimental commander were continuously present among the frontline ranks of the infantry, where comrade Lyusin in a hands-on fashion saw to it that the infantry regiment commander\u2019s firing missions were carried out.<\/p>\n<p>The enemy put up stiff resistance near Florian\u00f3w and Chech\u0142y and launched a counterattack. Along with the commander of the infantry regiment, comrade Lyusin prepared firing missions, as a result of which the enemy counterattack was fought off. In the process, up to 2 platoons of submachine gunners were killed and the fire of 2 enemy mortar batteries was suppressed.<\/p>\n<p>This enabled the infantry to advance.<\/p>\n<p>Prior to the start of the regiment\u2019s combat operations, comrade Lyusin was stationed at the regimental commander\u2019s observation post, where he was involved in adjusting the battalions\u2019 mortar fire.&#8221;<\/p>\n<p>&nbsp;<\/p>\n<p>&nbsp;<\/p>\n<p><strong>Below you can find the full translation of the research:<\/strong><\/p>\n<p><strong><a href=\"https:\/\/sovietorders.com\/wp-content\/uploads\/2019\/09\/Translation_Lyusin.doc\" target=\"_blank\" rel=\"noopener noreferrer\">Translation_Lyusin<\/a><\/strong><\/p>\n<p>&nbsp;<\/p>\n<p>&nbsp;<\/p>\n<p>Please <a href=\"https:\/\/sovietorders.com\/contact\/\" target=\"_blank\" rel=\"noopener noreferrer\">contact us<\/a> with questions regarding this object<\/p>\n<p>&nbsp;<\/p>\n","protected":false},"excerpt":{"rendered":"<p>&nbsp;<\/p>\n<ul>\n<li style=\"text-align: left;\"><span style=\"font-size: large;\">Active in selling since 1999<\/span><\/li>\n<li style=\"text-align: left;\"><span style=\"font-size: large;\">Delivered over 3000 auctions<\/span><\/li>\n<li style=\"text-align: left;\"><span style=\"font-size: large;\">100% positive feedback rating on eBay<\/span><\/li>\n<li style=\"text-align: left;\"><span style=\"font-size: large;\">Lifetime guarantee of authenticity <\/span><\/li>\n<li style=\"text-align: left;\"><span style=\"font-size: large;\">Free insured and registered shipping for orders over \u20ac500!<\/span><\/li>\n<li><span style=\"font-size: large;\">Contact service through <a href=\"https:\/\/sovietorders.com\/contact\/\" target=\"_blank\" rel=\"noopener noreferrer\">WhatsApp, telephone or email.<\/a> We will reply within 12 hours!<\/span><\/li>\n<\/ul>\n","protected":false},"featured_media":12514,"comment_status":"closed","ping_status":"closed","template":"","meta":[],"product_cat":[32],"product_tag":[72,73,246],"class_list":{"0":"post-12513","1":"product","2":"type-product","3":"status-publish","4":"has-post-thumbnail","6":"product_cat-sold-high-end-awards","7":"product_tag-order-of-suvorov","8":"product_tag-suworow-orden","9":"product_tag-246","11":"first","12":"outofstock","13":"shipping-taxable","14":"purchasable","15":"product-type-simple"},"_links":{"self":[{"href":"https:\/\/soviet-medals.com\/index.php?rest_route=\/wp\/v2\/product\/12513","targetHints":{"allow":["GET"]}}],"collection":[{"href":"https:\/\/soviet-medals.com\/index.php?rest_route=\/wp\/v2\/product"}],"about":[{"href":"https:\/\/soviet-medals.com\/index.php?rest_route=\/wp\/v2\/types\/product"}],"replies":[{"embeddable":true,"href":"https:\/\/soviet-medals.com\/index.php?rest_route=%2Fwp%2Fv2%2Fcomments&post=12513"}],"wp:featuredmedia":[{"embeddable":true,"href":"https:\/\/soviet-medals.com\/index.php?rest_route=\/wp\/v2\/media\/12514"}],"wp:attachment":[{"href":"https:\/\/soviet-medals.com\/index.php?rest_route=%2Fwp%2Fv2%2Fmedia&parent=12513"}],"wp:term":[{"taxonomy":"product_cat","embeddable":true,"href":"https:\/\/soviet-medals.com\/index.php?rest_route=%2Fwp%2Fv2%2Fproduct_cat&post=12513"},{"taxonomy":"product_tag","embeddable":true,"href":"https:\/\/soviet-medals.com\/index.php?rest_route=%2Fwp%2Fv2%2Fproduct_tag&post=12513"}],"curies":[{"name":"wp","href":"https:\/\/api.w.org\/{rel}","templated":true}]}}