{"id":16596,"date":"2020-02-25T21:35:27","date_gmt":"2020-02-25T21:35:27","guid":{"rendered":"https:\/\/soviet-medals.com\/?product=group-of-soviet-awards"},"modified":"2024-02-10T14:13:04","modified_gmt":"2024-02-10T14:13:04","slug":"group-of-soviet-awards","status":"publish","type":"product","link":"https:\/\/soviet-medals.com\/?product=group-of-soviet-awards","title":{"rendered":"Documented Group of Soviet Awards. Red Banner 1st (#44067) and 2nd award (#1530), Order Patriotic war 1st class (#282081) and 2nd class (#5388) + more"},"content":{"rendered":"<p>&nbsp;<\/p>\n<p>&nbsp;<\/p>\n<p>&nbsp;<\/p>\n<h5 style=\"text-align: center;\"><strong><span style=\"color: #ff0000;\">Documented Group of Soviet Awards<\/span><\/strong><\/h5>\n<p>&nbsp;<\/p>\n<p><a href=\"https:\/\/sovietorders.com\/wp-content\/uploads\/2020\/02\/IMG_4437.jpg\" target=\"_blank\" rel=\"noopener noreferrer\"><img loading=\"lazy\" decoding=\"async\" class=\"aligncenter wp-image-16679 size-medium\" src=\"https:\/\/sovietorders.com\/wp-content\/uploads\/2020\/02\/IMG_4437-244x300.jpg\" alt=\"\u0415\u043c\u0435\u043b\u044c\u044f\u043d\u043e\u0432 \u0410\u043d\u0430\u0442\u043e\u043b\u0438\u0439 \u0415\u0433\u043e\u0440\u043e\u0432\u0438\u0447\" width=\"244\" height=\"300\" \/><\/a><\/p>\n<p>&nbsp;<\/p>\n<p style=\"text-align: center;\"><strong><span style=\"color: #ff0000;\">Awarded to Captain (and later Major General) Anatoly Yegorovich Yemelyanov (\u0410\u043d\u0430\u0442\u043e\u043b\u0438\u0439 \u0415\u0433\u043e\u0440\u043e\u0432\u0438\u0447 \u0415\u043c\u0435\u043b\u044c\u044f\u043d\u043e\u0432)<\/span><\/strong><\/p>\n<p>&nbsp;<\/p>\n<p style=\"text-align: center;\"><strong><span style=\"color: #ff0000;\">This impressive group of reissue awards is ultra rare! Especially with such an extenisve and interesting research.\u00a0 \u00a0<\/span><\/strong><\/p>\n<p>&nbsp;<\/p>\n<p>&nbsp;<\/p>\n<p><strong>This group of Soviet awards consists of the following items:<\/strong><\/p>\n<p>&nbsp;<\/p>\n<h6><strong><span style=\"color: #ff0000;\">Order of the Red Banner #44067 Reissue<\/span><\/strong><\/h6>\n<p>Made of silver and enamels. Measures 46.03 mm in height and 37.93 mm in width. It weighs 25.4 gram. The mint mark <em>Monetni Dvor <\/em>and the serial number are located at the bottom of its reverse.<\/p>\n<p>This original order is in excellent condition with problem free enamels. Even the higher laying parts show no wear. Both sides show an appealing dark patina. There have been no repairs and the double layer brass suspension is time period to the order. Its connection ring has not been cut.<\/p>\n<p>&nbsp;<\/p>\n<h6><strong><span style=\"color: #ff0000;\">Order of the Red Banner 2nd award #1530 Reissue<\/span><\/strong><\/h6>\n<p>Made of silver and enamels. Measures 45.09 mm in height and 36.75 mm in width. It weighs 23.6 gram. The mint mark <em>Monetni Dvor <\/em>and the serial number are located at the bottom of its reverse.<\/p>\n<p>This Red Banner is in nice condition with small enamel repairs at the left side of the top banner. Like the first Red Banner most details are still present and both sides show an attractive dark patina. The double layer brass suspension is time period to the order and its connection ring has not been cut.<\/p>\n<p>&nbsp;<\/p>\n<h6><strong><span style=\"color: #ff0000;\">Order of the Patriotic War 2nd class #5388 Reissue<\/span><\/strong><\/h6>\n<p>Made of silver and enamels. Measures 47.11 mm in height and 44.78 mm in width. It weighs 28.2 gram without its screwplate. The mint mark <em>Monetni Dvor<\/em>\u00a0and the serial number are located at the bottom of its reverse.<\/p>\n<p>This order is in excellent condition with problem free enamels and great details. There have been no repairs and the screwplate is time period to the order. The white enamel on the top part of the &#8216;\u0412&#8217; in \u041e\u0442\u0435\u0447\u0435\u0441\u0442\u0432\u0435\u043d\u043d\u0430\u044f apears to be partial lost on first sight but is a production error. Its screw has not been shortened.<\/p>\n<p>&nbsp;<\/p>\n<h6><strong><span style=\"color: #ff0000;\">Order of the Patriotic War 1st class #282081<\/span><\/strong><\/h6>\n<p>Made of solid gold, silver and enamels. Measures 45.23 mm in height and 43.27 mm in width at its widest point. It weighs 30.3 gram without its screwplate. The mint mark <em>Monetni Dvor<\/em> in two lines is located at the top of its reverse and the serial number at the bottom.<\/p>\n<p>This Order of the Patriotic War is in nice with problem free enamels apart from the 9 o&#8217;clock ray of the red star which has been professionally restored. All details are crisp and even the higher laying parts show little wear. The screw has not been shortened and its screwplate is time period to the order.<\/p>\n<p>&nbsp;<\/p>\n<h6><strong><span style=\"color: #ff0000;\">Medal for Combat Merit\u00a0<\/span><\/strong><\/h6>\n<p>Made of silver and enamels. Measures 32.23 in diameter and weighs 18.6 gram.<\/p>\n<p>The medal is in perfect condition with crisp details and flawless enamels.<\/p>\n<p>&nbsp;<\/p>\n<h6><strong><span style=\"color: #ff0000;\">Order of the Red Star #3125466<\/span><\/strong><\/h6>\n<p>Made of silver and enamels. Measures 46.87 in width, 45.76 in height and weighs 30.7 gram without its screwplate.<\/p>\n<p>The order is in superb condition with all details visible and flawless enamels. Its screw has not been shortened and both sided show an attractive dark patina.<\/p>\n<p>&nbsp;<\/p>\n<h6><strong><span style=\"color: #ff0000;\">Order Booklet\u00a0<\/span><\/strong><\/h6>\n<p>In excellent condition with all pages firmly attached to the cover. The booklet mentions all awards above and an additional order of the Red Star which is missing.<\/p>\n<p>&nbsp;<\/p>\n<p><span style=\"color: #ff0000;\"><strong>Two original pictures portraying Yemelyanov<\/strong><br \/>\n<\/span><\/p>\n<p>The pictures are in excellent condition and show Yemelyanov wearing his awards before they were exchanged for the &#8216;Victory Parade&#8217; reissues<\/p>\n<p>&nbsp;<\/p>\n<p><em>Reissue awards were given by the Soviet Government to a recipient; as a replacement piece; in exchange for the same order or medal of an earlier type which was no longer authorized for awarding by new regulations. The new reissue piece retains the serial number from the original award piece. Many early suspension or screwback awards were exchanged for the new type of award; particularly during the period immediately following the end of the Great Patriotic War. During the June 1945 Victory Parade in Moscow following the defeat of Germany in World War Two, soldiers participating in the Parade were expected to have the latest type of award on their uniforms and undoubtedly many were exchanged for that parade<span style=\"color: #ff0000;\">. <strong>These pieces are extremely rare.<\/strong><\/span><\/em><\/p>\n<p>&nbsp;<\/p>\n<p>&nbsp;<\/p>\n<p><strong>Translation of the citations:<\/strong><\/p>\n<hr \/>\n<h6><strong>Order of the Red Banner<\/strong><\/h6>\n<div>\n<p>&#8220;During an encounter battle with German fascist troops on July 22, 1941 at the village of Polibino (Velikiye Luki), he deployed his heavy battery in direct fire mode at a distance of 200 meters from the enemy. Despite withering mortar and submachine-gun fire coming from neutralized guns\u2019 crews, he delivered accurate fire, taking out enemy firing positions and forcing the enemy to withdraw.<\/p>\n<p>During the fighting at the village of Polibino he destroyed 3 heavy machine guns and killed as many as 80 German soldiers and officers. Under withering enemy mortar and artillery fire, he continued bringing down rapid and accurate fire onto a concentration of enemy troops and firing positions, carrying out requests from infantry commanders. His battery\u2019s fire covered the withdrawal of a battalion of the 259th Rifle Regiment toward a new line. Although he was severely wounded, he returned fire with one gun and led his battery away to new firing positions.<\/p>\n<p>On the eve of the battle of November 27, 1941, which was aimed at seizing the village of Martynovo, comrade Yemelyanov properly organized the duties during the preliminary artillery bombardment. During the battle he pulverized 2 wooden bunkers and 1 dugout, under whose wreckage 5 fascists were buried. At this same time he personally spotted and destroyed with pinpoint gunnery 2 enemy antitank guns, which had been impeding our infantry\u2019s advance in this sector.<\/p>\n<p>The battery\u2019s actions prevented the enemy from committing its reserves from the village of Upirvichi to battle. In spite of heavy enemy artillery fire onto the battery\u2019s observation post, he kept his composure and continued destroying the fascists, showing examples of valor and bravery.<\/p>\n<p>On December 7, 1941, during the fighting at the city of Kalinin, he was stationed at the observation post, located 150 meters from the enemy, for all nine days of battle. Without possessing forward infantry cover, his battery fought off German counterattacks on two occasions, inflicting heavy casualties upon the Germans. He destroyed 4 wooden bunkers, 6 dugouts, 7 machine-gun positions, 2 mortar batteries, and 1 artillery piece, killed or wounded as many as 200 German soldiers and officers, and held the line until the arrival of our infantry.&#8221;<\/p>\n<\/div>\n<p>&nbsp;<\/p>\n<div><\/div>\n<div><\/div>\n<div><\/div>\n<div>\n<hr \/>\n<\/div>\n<h6><strong>Order of the Red Banner, 2nd Award<\/strong><\/h6>\n<div>\n<p>&#8220;During an encounter battle with German fascist troops on July 22, 1941 at the village of Polibino (Velikiye Luki), he deployed his heavy battery in direct fire mode at a distance of 200 meters from the enemy. Despite withering mortar and submachine-gun fire coming from neutralized guns\u2019 crews, he delivered accurate fire, taking out enemy firing positions and forcing the enemy to withdraw.<\/p>\n<p>During the fighting at the village of Polibino he destroyed 3 heavy machine guns and killed as many as 80 German soldiers and officers. Under withering enemy mortar and artillery fire, he continued bringing down rapid and accurate fire onto a concentration of enemy troops and firing positions, carrying out requests from infantry commanders. His battery\u2019s fire covered the withdrawal of a battalion of the 259th Rifle Regiment toward a new line. Although he was severely wounded, he returned fire with one gun and led his battery away to new firing positions.<\/p>\n<p>On the eve of the battle of November 27, 1941, which was aimed at seizing the village of Martynovo, comrade Yemelyanov properly organized the duties during the preliminary artillery bombardment. During the battle he pulverized 2 wooden bunkers and 1 dugout, under whose wreckage 5 fascists were buried. At this same time he personally spotted and destroyed with pinpoint gunnery 2 enemy antitank guns, which had been impeding our infantry\u2019s advance in this sector.<\/p>\n<p>The battery\u2019s actions prevented the enemy from committing its reserves from the village of Upirvichi to battle. In spite of heavy enemy artillery fire onto the battery\u2019s observation post, he kept his composure and continued destroying the fascists, showing examples of valor and bravery.<\/p>\n<p>On December 7, 1941, during the fighting at the city of Kalinin, he was stationed at the observation post, located 150 meters from the enemy, for all nine days of battle. Without possessing forward infantry cover, his battery fought off German counterattacks on two occasions, inflicting heavy casualties upon the Germans. He destroyed 4 wooden bunkers, 6 dugouts, 7 machine-gun positions, 2 mortar batteries, and 1 artillery piece, killed or wounded as many as 200 German soldiers and officers, and held the line until the arrival of our infantry.<\/p>\n<p>Being one of the best battery commanders, comrade Yemelyanov was promoted to the position of battalion commander during the period in which operations were conducted alongside the 5th Red Banner Rifle Division in the Batyukovo and Karpovo area. Between June 1, 1942 and July 23, 1942 comrade Yemelyanov\u2019s battalion suppressed one mortar battery and 3 artillery batteries and destroyed 1 artillery battery and 1 antitank gun.<\/p>\n<p>He is dedicated to the Party of Lenin and Stalin and the socialist motherland. (This material is submitted for the third time.)&#8221;<\/p>\n<\/div>\n<p>&nbsp;<\/p>\n<div><\/div>\n<div><\/div>\n<div><\/div>\n<div>\n<hr \/>\n<\/div>\n<h6><strong>Order of the Patriotic War 2nd Class<\/strong><\/h6>\n<div>\n<p>&#8220;Between July 12, 1943 and August 6, 1943 and from August 6, 1943 up to the present time, during the breaching of the heavily fortified enemy line of defense and the subsequent offensive operations north of the city of Oryol, comrade Yemelyanov skillfully organized the reconnoitering of enemy firing positions.<\/p>\n<p>Prior to the preliminary artillery bombardment, the following were reconnoitered and plotted via the battalions\u2019 interconnected observation system: 21 dugouts, 18 machine-gun and artillery bunkers, and 6 artillery batteries. During the preliminary artillery bombardment all these objectives were destroyed or suppressed by the regiment\u2019s artillery fire, which enabled the 83rd Guards Rifle Division, which our regiment supported, to breach the enemy line of defense and successfully advance farther on while suffering only insignificant losses.<\/p>\n<p>During the fighting at the villages of Sukhochevo, Kolontayevo, and Rudnevo he skillfully organized the coordination with the battalion our regiment supported, and subsequently with the 30th Tank Corps. He organized the regiment\u2019s fire direction, which enabled the regiment to provide continuous fire support for the tanks and motorized infantry and ensured the mission to seize the villages of Sukhochevo, Kolontayevo, Borilovo, and Voskresensky could be executed successfully.<\/p>\n<p>On August 6, 1943, when the enemy\u2019s intermediate line of defense near the villages of Slobodka, Glotovo, and Gnezdilovo was breached, he skillfully organized communications and the coordination with the spearheading tanks of the 36th Tank Regiment, which our regiment supported. He skillfully planned the regiment\u2019s artillery fire. By the time of the tank attack, all antitank weapons were either destroyed or suppressed, which enabled the tanks and the 21st Guards Rifle Regiment to break through the defenses almost without any losses and successfully push forward. During all battles comrade Yemelyanov enables the units which our regiment supports to conduct successful combat operations, owing to the fast and flexible way in which he organizes fire direction and the coordination with these units.<\/p>\n<p>He has seen continuous frontline service in the Patriotic War since June 25, 1941.&#8221;<\/p>\n<\/div>\n<div><\/div>\n<p>&nbsp;<\/p>\n<div><\/div>\n<div>\n<hr \/>\n<\/div>\n<h6><strong>Order of the Patriotic War 1st Class<\/strong><\/h6>\n<div>\n<p>&#8220;Between April 26, 1945 and May 7, 1945, the brigade supported the offensive operations of the 317th Budapest Red Banner Rifle Division and the 106th Guards Rifle Division in the Brno area and north of Brno near Sob\u011b\u0161ice and Mokr\u00e1 Hora. Under difficult urban warfare conditions and in the mountainous and forest-clad areas north of Brno, comrade Yemelyanov, serving as brigade chief of staff, skillfully organized the coordination between the brigade\u2019s units and the units of the rifle divisions our brigade supported. He made the correct decisions and enabled the timely advance of the infantry.<\/p>\n<p>During the fighting for the city of Brno, comrade Yemelyanov stood in for the ill brigade commander. In command of the brigade, he was continuously stationed at the observation post of the commander of the 317th Budapest Red Banner Rifle Division. He skillfully oversaw the fighting and ensured fire requests from the infantry were carried out promptly.<\/p>\n<p>During the fighting for the city of Brno, the brigade destroyed 53 heavy machine guns, 28 light machine guns, 8 large-caliber machine guns, 16 antitank guns, 2 rocket-powered weapons, 18 mortar batteries, and 12 105-mm artillery batteries. The brigade suppressed 35 heavy machine guns, 48 light machine guns, 18 105-mm batteries, 23 mortar batteries, 6 six-barreled mortars, 2 self-propelled guns, and 5 antitank guns. 6 tanks and self-propelled guns were knocked out. 400 meters of trenches and 3 dugouts were destroyed. 12 counterattacks by company- or battalion-sized forces were fought off. As many as 600 enemy soldiers and officers were dispersed and part of them were killed.<\/p>\n<p>Conclusion: He deserves to be awarded the Order of Suvorov, 3rd Class.&#8221;<\/p>\n<\/div>\n<div><\/div>\n<div><\/div>\n<div>\n<hr \/>\n<\/div>\n<div><\/div>\n<div><\/div>\n<p>&nbsp;<\/p>\n<p><strong>The full translation of the research can be found <a href=\"https:\/\/sovietorders.com\/wp-content\/uploads\/2020\/02\/Translation_Yemelyanov.doc\" target=\"_blank\" rel=\"noopener noreferrer\">here<\/a><\/strong><\/p>\n<p>&nbsp;<\/p>\n<p>&nbsp;<\/p>\n<div>\n<div><strong>More info on Yemelyanov can be found <a href=\"https:\/\/pamyat-naroda.ru\/heroes\/podvig-chelovek_kartoteka1268120661\/?backurl=\/heroes\/?last_name=\u0415\u043c\u0435\u043b\u044c\u044f\u043d\u043e\u0432&#038;first_name=\u0410\u043d\u0430\u0442\u043e\u043b\u0438\u0439&#038;middle_name=\u0415\u0433\u043e\u0440\u043e\u0432\u0438\u0447&#038;group=all&#038;types=pamyat_commander:nagrady_nagrad_doc:nagrady_uchet_kartoteka:nagrady_ubilein_kartoteka:potery_doneseniya_o_poteryah:potery_gospitali:potery_utochenie_poter:potery_spiski_zahoroneniy:potery_voennoplen:potery_iskluchenie_iz_spiskov:potery_kartoteki:potery_vpp&#038;page=1\" target=\"_blank\" rel=\"noopener noreferrer\">here<\/a><\/strong><\/div>\n<\/div>\n<p>&nbsp;<\/p>\n<p>&nbsp;<\/p>\n<p><strong>A <\/strong><strong>combat journal can be found in the picture gallery (last two images)<\/strong><\/p>\n<p>&nbsp;<\/p>\n<p>&nbsp;<\/p>\n<p>Please <a href=\"https:\/\/sovietorders.com\/contact\/\" target=\"_blank\" rel=\"noopener noreferrer\">contact us<\/a> if you have questions about this lot<\/p>\n<p>&nbsp;<\/p>\n","protected":false},"excerpt":{"rendered":"<p>&nbsp;<\/p>\n<ul>\n<li style=\"text-align: left;\"><span style=\"font-size: large;\">Active in selling since 1999<\/span><\/li>\n<li style=\"text-align: left;\"><span style=\"font-size: large;\">Delivered over 3000 auctions<\/span><\/li>\n<li style=\"text-align: left;\"><span style=\"font-size: large;\">100% positive feedback rating on eBay<\/span><\/li>\n<li style=\"text-align: left;\"><span style=\"font-size: large;\">Lifetime guarantee of authenticity <\/span><\/li>\n<li style=\"text-align: left;\"><span style=\"font-size: large;\">Free insured and registered shipping for orders over \u20ac500!<\/span><\/li>\n<li><span style=\"font-size: large;\">Contact service through <a href=\"https:\/\/sovietorders.com\/contact\/\" target=\"_blank\" rel=\"noopener noreferrer\">WhatsApp, telephone or email.<\/a> We will reply within 12 hours!<\/span><\/li>\n<\/ul>\n","protected":false},"featured_media":16597,"comment_status":"closed","ping_status":"closed","template":"","meta":[],"product_cat":[31,26,33],"product_tag":[256,28,63,36],"class_list":{"0":"post-16596","1":"product","2":"type-product","3":"status-publish","4":"has-post-thumbnail","6":"product_cat-sold-groups","7":"product_cat-sold-orders-of-the-patriotic-war","8":"product_cat-sold-orders-of-the-red-banner","9":"product_tag-medal-for-combat-merit","10":"product_tag-order-of-the-patriotic-war","11":"product_tag-order-of-the-red-star","12":"product_tag--a-","14":"first","15":"outofstock","16":"shipping-taxable","17":"purchasable","18":"product-type-simple"},"_links":{"self":[{"href":"https:\/\/soviet-medals.com\/index.php?rest_route=\/wp\/v2\/product\/16596","targetHints":{"allow":["GET"]}}],"collection":[{"href":"https:\/\/soviet-medals.com\/index.php?rest_route=\/wp\/v2\/product"}],"about":[{"href":"https:\/\/soviet-medals.com\/index.php?rest_route=\/wp\/v2\/types\/product"}],"replies":[{"embeddable":true,"href":"https:\/\/soviet-medals.com\/index.php?rest_route=%2Fwp%2Fv2%2Fcomments&post=16596"}],"wp:featuredmedia":[{"embeddable":true,"href":"https:\/\/soviet-medals.com\/index.php?rest_route=\/wp\/v2\/media\/16597"}],"wp:attachment":[{"href":"https:\/\/soviet-medals.com\/index.php?rest_route=%2Fwp%2Fv2%2Fmedia&parent=16596"}],"wp:term":[{"taxonomy":"product_cat","embeddable":true,"href":"https:\/\/soviet-medals.com\/index.php?rest_route=%2Fwp%2Fv2%2Fproduct_cat&post=16596"},{"taxonomy":"product_tag","embeddable":true,"href":"https:\/\/soviet-medals.com\/index.php?rest_route=%2Fwp%2Fv2%2Fproduct_tag&post=16596"}],"curies":[{"name":"wp","href":"https:\/\/api.w.org\/{rel}","templated":true}]}}