{"id":48573,"date":"2021-12-21T22:32:54","date_gmt":"2021-12-21T22:32:54","guid":{"rendered":"https:\/\/soviet-medals.com\/?product=soviet-order-of-bogdan-khmelnitsky-3rd-class-244"},"modified":"2024-02-10T14:24:54","modified_gmt":"2024-02-10T14:24:54","slug":"soviet-order-of-bogdan-khmelnitsky-3rd-class-244","status":"publish","type":"product","link":"https:\/\/soviet-medals.com\/?product=soviet-order-of-bogdan-khmelnitsky-3rd-class-244","title":{"rendered":"Soviet Order of Bogdan Khmelnitsky 3rd Class #244"},"content":{"rendered":"<p>&nbsp;<\/p>\n<p>&nbsp;<\/p>\n<p>&nbsp;<\/p>\n<h5 style=\"text-align: center;\"><span style=\"color: #ff0000;\"><strong><br \/>\nSoviet Order of Bogdan Khmelnitsky 3rd class #244<\/strong><\/span><\/h5>\n<p>&nbsp;<\/p>\n<p><a href=\"https:\/\/sovietorders.com\/wp-content\/uploads\/2021\/12\/Untitled.jpg\" target=\"_blank\" rel=\"noopener\"><img loading=\"lazy\" decoding=\"async\" class=\"aligncenter wp-image-48559 size-medium\" src=\"https:\/\/sovietorders.com\/wp-content\/uploads\/2021\/12\/Untitled-217x300.jpg\" alt=\"\u0427\u0435\u0440\u0442\u043e\u0432 \u0414\u043c\u0438\u0442\u0440\u0438\u0439 \u0418\u0432\u0430\u043d\u043e\u0432\u0438\u0447\" width=\"217\" height=\"300\" \/><\/a><\/p>\n<p>&nbsp;<\/p>\n<p style=\"text-align: center;\"><span style=\"color: #ff0000;\"><strong>Awarded to NKVD Major of the Border Guards Troops Dmitriy Ivanovich Chertov (\u0414\u043c\u0438\u0442\u0440\u0438\u0439 \u0418\u0432\u0430\u043d\u043e\u0432\u0438\u0447 \u0427\u0435\u0440\u0442\u043e\u0432)<\/strong><\/span><\/p>\n<p>&nbsp;<\/p>\n<p style=\"text-align: center;\"><span style=\"color: #ff0000;\"><b>For fighting bandits and counter revolutionary elements [&#8220;Forest brothers&#8221;] in Lithuania. Under his command dozens of bandits were killed, 1 German Spy and 5 RKKA deserters were arrested and several weapons were seized \u00a0<\/b><\/span><\/p>\n<p>&nbsp;<\/p>\n<p>&nbsp;<\/p>\n<p>Made of solid silver. It measures 45.82 mm in height, 44.86 mm in width and weighs 31.9 gram without its screwplate. The serial number and the mint mark <em>Monetni Dvor <\/em>are located at the 6 o\u2019clock position on the reverse. The minimum know serial number for this early two piece construction variation is 35 and the maximum number is\u00a03223.<\/p>\n<p>&nbsp;<\/p>\n<p>In excellent, above average condition with most details visible and crisp. The higher layer parts show light wear only and both sides show relatively few dings or scratches. An appealing dark patina gathered on its obverse which truly suits the order. There have been no repairs and the screw is full length. It comes with its time period silver screwplate.<\/p>\n<p>&nbsp;<\/p>\n<p><span style=\"color: #ff0000;\">A great early piece with very interesting research to an NKVD officer. Rare as such!<\/span><\/p>\n<p>&nbsp;<\/p>\n<p><strong>Short excerpts of his accomplishments<\/strong>:<\/p>\n<p>&#8220;He has been serving as a commandant of a border guards sector during the operation against the bandits and counter revolutionary elements [Lithuanian anti-soviet guerrilla fighters, i.e. &#8220;Forest brothers&#8221;]<br \/>\non the territory of the Panev\u0117\u017eys and Roki\u0161kis district, Lithuanian Soviet Socialist republic. The operations were conducted with excellent evaluation, thanks to the exceptionally good operation planning, which was combined with full spectre of counter-intelligence filed activities. The border guards personnel acted bravely and decisively in the aforementioned operations.<\/p>\n<p>On 12 December 1944, there was received an intelligence, that a group of bandits would visit a settlement with food gathering mission. Comrade CHERTOV thoroughly prepared and planned the operation, which resulted in complete defeat and elimination of the bandits with no losses on our side.<\/p>\n<p>In the operations for clearing the Roki\u0161kis district and the \u0160imoni\u0173 forest conducted during 08-14 January 1945, the border guards commandant office eliminated:<\/p>\n<ul>\n<li>34 bandits killed;<\/li>\n<li>13 bandits detained;<\/li>\n<li>1 German spy captured;<\/li>\n<li>5 deserters from RKKA arrested;<\/li>\n<li>6 accomplices to the bandits arrested.<\/li>\n<\/ul>\n<p><em>Weapons seized:<\/em><\/p>\n<ul>\n<li>4 light machine-guns;<\/li>\n<li>13 rifles.<\/li>\n<li>11 bandit\u2019s hideouts burned<\/li>\n<\/ul>\n<p>On 09 January 1945, the border guards detachment was moving out for a forest area sweeping operation. Suddenly, it was attacked by a group of bandits up to 80 men strong. Despite bandits numerical superiority and the element of surprise, the detachment entered the engagement and withstood until the reinforcements arrived.&#8221;<\/p>\n<p>&nbsp;<\/p>\n<p><strong>More info on Major Chertov can be found <a href=\"https:\/\/pamyat-naroda.ru\/heroes\/kld-card_uchet_officer9090156\/\" target=\"_blank\" rel=\"noopener\">here<\/a><\/strong><\/p>\n<p>&nbsp;<\/p>\n<p><strong>Also in the picture gallery are two images of Major Chertov, one of which he is wearing this actual Order of Bogdan Khmelnitsky 3rd class<\/strong><\/p>\n<p>&nbsp;<\/p>\n<p><strong>More about the &#8220;Forest Brothers&#8221; can be read <a href=\"https:\/\/en.wikipedia.org\/wiki\/Guerrilla_war_in_the_Baltic_states\" target=\"_blank\" rel=\"noopener\">here<\/a><\/strong><\/p>\n<p>&nbsp;<\/p>\n<p><iframe loading=\"lazy\" title=\"YouTube video player\" src=\"https:\/\/www.youtube.com\/embed\/TaLRiO7AmIc\" width=\"560\" height=\"315\" frameborder=\"0\" allowfullscreen=\"allowfullscreen\"><\/iframe><\/p>\n<p>&nbsp;<\/p>\n<p>&nbsp;<\/p>\n<p>Please <a href=\"https:\/\/sovietorders.com\/contact\/\" target=\"_blank\" rel=\"noopener noreferrer\">contact us<\/a> with questions<\/p>\n<p>&nbsp;<\/p>\n","protected":false},"excerpt":{"rendered":"<p>&nbsp;<\/p>\n<ul>\n<li style=\"text-align: left;\"><span style=\"font-size: large;\">Active in selling since 1999<\/span><\/li>\n<li style=\"text-align: left;\"><span style=\"font-size: large;\">Delivered over 3000 auctions<\/span><\/li>\n<li style=\"text-align: left;\"><span style=\"font-size: large;\">100% positive feedback rating on eBay<\/span><\/li>\n<li style=\"text-align: left;\"><span style=\"font-size: large;\">Lifetime guarantee of authenticity <\/span><\/li>\n<li style=\"text-align: left;\"><span style=\"font-size: large;\">Free insured and registered shipping for orders over \u20ac500!<\/span><\/li>\n<li><span style=\"font-size: large;\">Contact service through <a href=\"https:\/\/sovietorders.com\/contact\/\" target=\"_blank\" rel=\"noopener noreferrer\">WhatsApp, telephone or email.<\/a> We will reply within 12 hours!<\/span><\/li>\n<\/ul>\n","protected":false},"featured_media":48574,"comment_status":"closed","ping_status":"closed","template":"","meta":[],"product_cat":[32],"product_tag":[38,39],"class_list":{"0":"post-48573","1":"product","2":"type-product","3":"status-publish","4":"has-post-thumbnail","6":"product_cat-sold-high-end-awards","7":"product_tag-order-of-bogdan-khmelnitsky","8":"product_tag-39","10":"first","11":"outofstock","12":"shipping-taxable","13":"purchasable","14":"product-type-simple"},"_links":{"self":[{"href":"https:\/\/soviet-medals.com\/index.php?rest_route=\/wp\/v2\/product\/48573","targetHints":{"allow":["GET"]}}],"collection":[{"href":"https:\/\/soviet-medals.com\/index.php?rest_route=\/wp\/v2\/product"}],"about":[{"href":"https:\/\/soviet-medals.com\/index.php?rest_route=\/wp\/v2\/types\/product"}],"replies":[{"embeddable":true,"href":"https:\/\/soviet-medals.com\/index.php?rest_route=%2Fwp%2Fv2%2Fcomments&post=48573"}],"wp:featuredmedia":[{"embeddable":true,"href":"https:\/\/soviet-medals.com\/index.php?rest_route=\/wp\/v2\/media\/48574"}],"wp:attachment":[{"href":"https:\/\/soviet-medals.com\/index.php?rest_route=%2Fwp%2Fv2%2Fmedia&parent=48573"}],"wp:term":[{"taxonomy":"product_cat","embeddable":true,"href":"https:\/\/soviet-medals.com\/index.php?rest_route=%2Fwp%2Fv2%2Fproduct_cat&post=48573"},{"taxonomy":"product_tag","embeddable":true,"href":"https:\/\/soviet-medals.com\/index.php?rest_route=%2Fwp%2Fv2%2Fproduct_tag&post=48573"}],"curies":[{"name":"wp","href":"https:\/\/api.w.org\/{rel}","templated":true}]}}